{"id":2904,"date":"2023-04-27T09:25:42","date_gmt":"2023-04-27T12:25:42","guid":{"rendered":"https:\/\/webliv.com\/?page_id=2904"},"modified":"2023-04-27T09:37:14","modified_gmt":"2023-04-27T12:37:14","slug":"trabalhe-conosco","status":"publish","type":"page","link":"https:\/\/webliv.com\/en\/trabalhe-conosco\/","title":{"rendered":"Trabalhe Conosco"},"content":{"rendered":"<div data-elementor-type=\"wp-page\" data-elementor-id=\"2904\" class=\"elementor elementor-2904\" data-elementor-settings=\"{&quot;ha_cmc_init_switcher&quot;:&quot;no&quot;}\" data-elementor-post-type=\"page\">\n\t\t\t\t\t\t<section class=\"elementor-section elementor-top-section elementor-element elementor-element-7ce6d3f elementor-section-height-min-height elementor-hidden-tablet elementor-hidden-phone elementor-section-boxed elementor-section-height-default elementor-section-items-middle\" data-id=\"7ce6d3f\" data-element_type=\"section\" data-settings=\"{&quot;background_background&quot;:&quot;classic&quot;,&quot;_ha_eqh_enable&quot;:false}\">\n\t\t\t\t\t\t<div class=\"elementor-container elementor-column-gap-no\">\n\t\t\t\t\t<div class=\"elementor-column elementor-col-100 elementor-top-column elementor-element elementor-element-23853c0\" data-id=\"23853c0\" data-element_type=\"column\">\n\t\t\t<div class=\"elementor-widget-wrap elementor-element-populated\">\n\t\t\t\t\t\t<div class=\"elementor-element elementor-element-2cabeae elementor--h-position-center elementor--v-position-middle elementor-arrows-position-inside elementor-pagination-position-inside elementor-widget elementor-widget-slides\" data-id=\"2cabeae\" data-element_type=\"widget\" data-settings=\"{&quot;navigation&quot;:&quot;both&quot;,&quot;autoplay&quot;:&quot;yes&quot;,&quot;pause_on_hover&quot;:&quot;yes&quot;,&quot;pause_on_interaction&quot;:&quot;yes&quot;,&quot;autoplay_speed&quot;:5000,&quot;infinite&quot;:&quot;yes&quot;,&quot;transition&quot;:&quot;slide&quot;,&quot;transition_speed&quot;:500}\" data-widget_type=\"slides.default\">\n\t\t\t\t<div class=\"elementor-widget-container\">\n\t\t\t\t\t\t\t\t\t<div class=\"elementor-swiper\">\n\t\t\t\t\t<div class=\"elementor-slides-wrapper elementor-main-swiper swiper\" role=\"region\" aria-roledescription=\"carousel\" aria-label=\"Slides\" dir=\"ltr\" data-animation=\"fadeInUp\">\n\t\t\t\t<div class=\"swiper-wrapper elementor-slides\">\n\t\t\t\t\t\t\t\t\t\t<div class=\"elementor-repeater-item-a4a721f swiper-slide\" role=\"group\" aria-roledescription=\"slide\"><div class=\"swiper-slide-bg\" role=\"img\"><\/div><div class=\"swiper-slide-inner\" ><div class=\"swiper-slide-contents\"><div class=\"elementor-slide-heading\">Trabalhe Conosco<\/div><\/div><\/div><\/div>\t\t\t\t<\/div>\n\t\t\t\t\t\t\t<\/div>\n\t\t\t\t<\/div>\n\t\t\t\t\t\t\t\t<\/div>\n\t\t\t\t<\/div>\n\t\t\t\t\t<\/div>\n\t\t<\/div>\n\t\t\t\t\t<\/div>\n\t\t<\/section>\n\t\t\t\t<section class=\"elementor-section elementor-top-section elementor-element elementor-element-395c75a elementor-section-boxed elementor-section-height-default elementor-section-height-default\" data-id=\"395c75a\" data-element_type=\"section\" data-settings=\"{&quot;_ha_eqh_enable&quot;:false}\">\n\t\t\t\t\t\t<div class=\"elementor-container elementor-column-gap-default\">\n\t\t\t\t\t<div class=\"elementor-column elementor-col-100 elementor-top-column elementor-element elementor-element-3be8d90\" data-id=\"3be8d90\" data-element_type=\"column\">\n\t\t\t<div class=\"elementor-widget-wrap elementor-element-populated\">\n\t\t\t\t\t\t<div class=\"elementor-element elementor-element-b8536d7 elementor-widget elementor-widget-text-editor\" data-id=\"b8536d7\" data-element_type=\"widget\" data-widget_type=\"text-editor.default\">\n\t\t\t\t<div class=\"elementor-widget-container\">\n\t\t\t\t\t\t\t\t\t<p><a href=\"https:\/\/webliv.com\/en\/\">home<\/a>\u00a0 \/ <a href=\"https:\/\/webliv.com\/en\/trabalhe-conosco\/\">trabalhe conosco\u00a0<\/a><\/p>\t\t\t\t\t\t\t\t<\/div>\n\t\t\t\t<\/div>\n\t\t\t\t\t<\/div>\n\t\t<\/div>\n\t\t\t\t\t<\/div>\n\t\t<\/section>\n\t\t\t\t<section class=\"elementor-section elementor-top-section elementor-element elementor-element-56bf0c0 elementor-section-boxed elementor-section-height-default elementor-section-height-default\" data-id=\"56bf0c0\" data-element_type=\"section\" data-settings=\"{&quot;_ha_eqh_enable&quot;:false}\">\n\t\t\t\t\t\t<div class=\"elementor-container elementor-column-gap-no\">\n\t\t\t\t\t<div class=\"elementor-column elementor-col-50 elementor-top-column elementor-element elementor-element-e64722b\" data-id=\"e64722b\" data-element_type=\"column\">\n\t\t\t<div class=\"elementor-widget-wrap elementor-element-populated\">\n\t\t\t\t\t\t<div class=\"elementor-element elementor-element-04b1238 elementor-hidden-desktop elementor-hidden-tablet elementor-widget elementor-widget-image\" data-id=\"04b1238\" data-element_type=\"widget\" data-widget_type=\"image.default\">\n\t\t\t\t<div class=\"elementor-widget-container\">\n\t\t\t\t\t\t\t\t\t\t\t\t\t\t\t<img fetchpriority=\"high\" decoding=\"async\" width=\"514\" height=\"442\" src=\"https:\/\/webliv.com\/wp-content\/uploads\/2023\/04\/space-webliv-mobile.jpg\" class=\"attachment-large size-large wp-image-2908\" alt=\"space-webliv-mobile\" srcset=\"https:\/\/webliv.com\/wp-content\/uploads\/2023\/04\/space-webliv-mobile.jpg 514w, https:\/\/webliv.com\/wp-content\/uploads\/2023\/04\/space-webliv-mobile-300x258.jpg 300w, https:\/\/webliv.com\/wp-content\/uploads\/2023\/04\/space-webliv-mobile-14x12.jpg 14w\" sizes=\"(max-width: 514px) 100vw, 514px\" style=\"width:100%;height:85.99%;max-width:514px\" \/>\t\t\t\t\t\t\t\t\t\t\t\t\t\t\t<\/div>\n\t\t\t\t<\/div>\n\t\t\t\t<div class=\"elementor-element elementor-element-182d907 elementor-hidden-mobile elementor-widget elementor-widget-image\" data-id=\"182d907\" data-element_type=\"widget\" data-widget_type=\"image.default\">\n\t\t\t\t<div class=\"elementor-widget-container\">\n\t\t\t\t\t\t\t\t\t\t\t\t\t\t\t<img decoding=\"async\" width=\"514\" height=\"720\" src=\"https:\/\/webliv.com\/wp-content\/uploads\/2023\/04\/space-webliv.jpg\" class=\"attachment-medium_large size-medium_large wp-image-2907\" alt=\"pace-webliv\" srcset=\"https:\/\/webliv.com\/wp-content\/uploads\/2023\/04\/space-webliv.jpg 514w, https:\/\/webliv.com\/wp-content\/uploads\/2023\/04\/space-webliv-214x300.jpg 214w, https:\/\/webliv.com\/wp-content\/uploads\/2023\/04\/space-webliv-9x12.jpg 9w\" sizes=\"(max-width: 514px) 100vw, 514px\" style=\"width:100%;height:140.08%;max-width:514px\" \/>\t\t\t\t\t\t\t\t\t\t\t\t\t\t\t<\/div>\n\t\t\t\t<\/div>\n\t\t\t\t\t<\/div>\n\t\t<\/div>\n\t\t\t\t<div class=\"elementor-column elementor-col-50 elementor-top-column elementor-element elementor-element-6a39929\" data-id=\"6a39929\" data-element_type=\"column\">\n\t\t\t<div class=\"elementor-widget-wrap elementor-element-populated\">\n\t\t\t\t\t\t<div class=\"elementor-element elementor-element-b5e6d83 elementor-widget__width-auto elementor-widget elementor-widget-text-editor\" data-id=\"b5e6d83\" data-element_type=\"widget\" data-widget_type=\"text-editor.default\">\n\t\t\t\t<div class=\"elementor-widget-container\">\n\t\t\t\t\t\t\t\t\t<span style=\"font-weight: 400;\">Buscamos profissionais que compartilhem dos nossos valores e valorizamos a integridade e a \u00e9tica em tudo o que fazemos.\u00a0<\/span>\n<br \/><br \/>\n<span style=\"font-weight: 400;\">Acreditamos que uma equipe forte e unida \u00e9 a chave para alcan\u00e7armos nossos objetivos e superar nossos desafios.\u00a0<\/span>\n<br \/><br \/>\n<span style=\"font-weight: 400;\">E, acima de tudo, estamos focados em entregar resultados de excel\u00eancia para nossos clientes e parceiros.<\/span>\n<br \/><br \/>\n<span style=\"font-weight: 400;\">Se voc\u00ea compartilha desses valores e quer trabalhar em um ambiente estimulante e desafiador, junte-se a n\u00f3s em nossa miss\u00e3o de sermos refer\u00eancia no desenvolvimento da economia por meio das pequenas e m\u00e9dias empresas, n\u00e3o s\u00f3 no Brasil, mas no mundo.\u00a0<\/span>\n<br \/><br \/>\n<span style=\"font-weight: 400;\">Estamos ansiosos para conhecer voc\u00ea e descobrir como podemos crescer juntos!<\/span>\n<br \/><br \/>\n<span style=\"font-weight: 400;\">Encaminhe o seu curr\u00edculo para o endere\u00e7o de e-mail<\/span> <a class=\"link-Email\" href=\"mailto:talentos@webliv.com\">talentos@webliv.com<\/a>\t\t\t\t\t\t\t\t<\/div>\n\t\t\t\t<\/div>\n\t\t\t\t\t<\/div>\n\t\t<\/div>\n\t\t\t\t\t<\/div>\n\t\t<\/section>\n\t\t\t\t<section class=\"elementor-section elementor-top-section elementor-element elementor-element-c65105a elementor-section-boxed elementor-section-height-default elementor-section-height-default\" data-id=\"c65105a\" data-element_type=\"section\" data-settings=\"{&quot;_ha_eqh_enable&quot;:false}\">\n\t\t\t\t\t\t<div class=\"elementor-container elementor-column-gap-default\">\n\t\t\t\t\t<div class=\"elementor-column elementor-col-100 elementor-top-column elementor-element elementor-element-0f4798b\" data-id=\"0f4798b\" data-element_type=\"column\">\n\t\t\t<div class=\"elementor-widget-wrap elementor-element-populated\">\n\t\t\t\t\t\t<div class=\"elementor-element elementor-element-d9afc08 elementor-widget elementor-widget-spacer\" data-id=\"d9afc08\" data-element_type=\"widget\" data-widget_type=\"spacer.default\">\n\t\t\t\t<div class=\"elementor-widget-container\">\n\t\t\t\t\t\t\t<div class=\"elementor-spacer\">\n\t\t\t<div class=\"elementor-spacer-inner\"><\/div>\n\t\t<\/div>\n\t\t\t\t\t\t<\/div>\n\t\t\t\t<\/div>\n\t\t\t\t\t<\/div>\n\t\t<\/div>\n\t\t\t\t\t<\/div>\n\t\t<\/section>\n\t\t\t\t<\/div>","protected":false},"excerpt":{"rendered":"<p>Trabalhe Conosco home\u00a0 \/ trabalhe conosco\u00a0 Buscamos profissionais que compartilhem dos nossos valores e valorizamos a integridade e a \u00e9tica em tudo o que fazemos.\u00a0 Acreditamos que uma equipe forte e unida \u00e9 a chave para alcan\u00e7armos nossos objetivos e superar nossos desafios.\u00a0 E, acima de tudo, estamos focados em entregar resultados de excel\u00eancia para&hellip; <a class=\"more-link\" href=\"https:\/\/webliv.com\/en\/trabalhe-conosco\/\">Continue reading <span class=\"screen-reader-text\">Trabalhe Conosco<\/span><\/a><\/p>","protected":false},"author":3,"featured_media":0,"parent":0,"menu_order":0,"comment_status":"closed","ping_status":"closed","template":"elementor_header_footer","meta":{"footnotes":""},"class_list":["post-2904","page","type-page","status-publish","hentry","entry"],"_links":{"self":[{"href":"https:\/\/webliv.com\/en\/wp-json\/wp\/v2\/pages\/2904","targetHints":{"allow":["GET"]}}],"collection":[{"href":"https:\/\/webliv.com\/en\/wp-json\/wp\/v2\/pages"}],"about":[{"href":"https:\/\/webliv.com\/en\/wp-json\/wp\/v2\/types\/page"}],"author":[{"embeddable":true,"href":"https:\/\/webliv.com\/en\/wp-json\/wp\/v2\/users\/3"}],"replies":[{"embeddable":true,"href":"https:\/\/webliv.com\/en\/wp-json\/wp\/v2\/comments?post=2904"}],"version-history":[{"count":0,"href":"https:\/\/webliv.com\/en\/wp-json\/wp\/v2\/pages\/2904\/revisions"}],"wp:attachment":[{"href":"https:\/\/webliv.com\/en\/wp-json\/wp\/v2\/media?parent=2904"}],"curies":[{"name":"wp","href":"https:\/\/api.w.org\/{rel}","templated":true}]}}