{"id":3,"date":"2022-08-02T19:27:22","date_gmt":"2022-08-02T22:27:22","guid":{"rendered":"https:\/\/homolog.yank.ag\/webliv\/?page_id=3"},"modified":"2022-08-30T17:28:20","modified_gmt":"2022-08-30T20:28:20","slug":"politica-de-privacidade","status":"publish","type":"page","link":"https:\/\/webliv.com\/en\/politica-de-privacidade\/","title":{"rendered":"privacy policy"},"content":{"rendered":"<div data-elementor-type=\"wp-page\" data-elementor-id=\"3\" class=\"elementor elementor-3\" data-elementor-settings=\"{&quot;ha_cmc_init_switcher&quot;:&quot;no&quot;}\" data-elementor-post-type=\"page\">\n\t\t\t\t\t\t<section class=\"elementor-section elementor-top-section elementor-element elementor-element-016f3b2 elementor-section-height-min-height elementor-section-boxed elementor-section-height-default elementor-section-items-middle\" data-id=\"016f3b2\" data-element_type=\"section\" data-settings=\"{&quot;background_background&quot;:&quot;classic&quot;,&quot;_ha_eqh_enable&quot;:false}\">\n\t\t\t\t\t\t<div class=\"elementor-container elementor-column-gap-no\">\n\t\t\t\t\t<div class=\"elementor-column elementor-col-100 elementor-top-column elementor-element elementor-element-7ccc13b\" data-id=\"7ccc13b\" data-element_type=\"column\">\n\t\t\t<div class=\"elementor-widget-wrap elementor-element-populated\">\n\t\t\t\t\t\t<div class=\"elementor-element elementor-element-eac5e12 elementor--h-position-center elementor--v-position-middle elementor-arrows-position-inside elementor-pagination-position-inside elementor-widget elementor-widget-slides\" data-id=\"eac5e12\" data-element_type=\"widget\" data-settings=\"{&quot;navigation&quot;:&quot;both&quot;,&quot;autoplay&quot;:&quot;yes&quot;,&quot;pause_on_hover&quot;:&quot;yes&quot;,&quot;pause_on_interaction&quot;:&quot;yes&quot;,&quot;autoplay_speed&quot;:5000,&quot;infinite&quot;:&quot;yes&quot;,&quot;transition&quot;:&quot;slide&quot;,&quot;transition_speed&quot;:500}\" data-widget_type=\"slides.default\">\n\t\t\t\t<div class=\"elementor-widget-container\">\n\t\t\t\t\t\t\t\t\t<div class=\"elementor-swiper\">\n\t\t\t\t\t<div class=\"elementor-slides-wrapper elementor-main-swiper swiper\" role=\"region\" aria-roledescription=\"carousel\" aria-label=\"Slides\" dir=\"ltr\" data-animation=\"fadeInUp\">\n\t\t\t\t<div class=\"swiper-wrapper elementor-slides\">\n\t\t\t\t\t\t\t\t\t\t<div class=\"elementor-repeater-item-a4a721f swiper-slide\" role=\"group\" aria-roledescription=\"slide\"><div class=\"swiper-slide-bg\" role=\"img\"><\/div><div class=\"swiper-slide-inner\" ><div class=\"swiper-slide-contents\"><div class=\"elementor-slide-heading\">WEBLIV PRIVACY POLICY<\/div><\/div><\/div><\/div>\t\t\t\t<\/div>\n\t\t\t\t\t\t\t<\/div>\n\t\t\t\t<\/div>\n\t\t\t\t\t\t\t\t<\/div>\n\t\t\t\t<\/div>\n\t\t\t\t\t<\/div>\n\t\t<\/div>\n\t\t\t\t\t<\/div>\n\t\t<\/section>\n\t\t\t\t<section class=\"elementor-section elementor-top-section elementor-element elementor-element-7814929 elementor-section-boxed elementor-section-height-default elementor-section-height-default\" data-id=\"7814929\" data-element_type=\"section\" data-settings=\"{&quot;_ha_eqh_enable&quot;:false}\">\n\t\t\t\t\t\t<div class=\"elementor-container elementor-column-gap-default\">\n\t\t\t\t\t<div class=\"elementor-column elementor-col-100 elementor-top-column elementor-element elementor-element-63b5638\" data-id=\"63b5638\" data-element_type=\"column\">\n\t\t\t<div class=\"elementor-widget-wrap elementor-element-populated\">\n\t\t\t\t\t\t<div class=\"elementor-element elementor-element-e55c6df elementor-widget elementor-widget-text-editor\" data-id=\"e55c6df\" data-element_type=\"widget\" data-widget_type=\"text-editor.default\">\n\t\t\t\t<div class=\"elementor-widget-container\">\n\t\t\t\t\t\t\t\t\t<p><a href=\"https:\/\/webliv.com\/en\/webliv\/\">home<\/a>\u00a0 \/ <a href=\"https:\/\/webliv.com\/en\/webliv\/politica-de-privacidade\/\">privacy policy<\/a><\/p>\t\t\t\t\t\t\t\t<\/div>\n\t\t\t\t<\/div>\n\t\t\t\t\t<\/div>\n\t\t<\/div>\n\t\t\t\t\t<\/div>\n\t\t<\/section>\n\t\t\t\t<section class=\"elementor-section elementor-top-section elementor-element elementor-element-b780c84 elementor-section-boxed elementor-section-height-default elementor-section-height-default\" data-id=\"b780c84\" data-element_type=\"section\" data-settings=\"{&quot;background_background&quot;:&quot;classic&quot;,&quot;_ha_eqh_enable&quot;:false}\">\n\t\t\t\t\t\t<div class=\"elementor-container elementor-column-gap-default\">\n\t\t\t\t\t<div class=\"elementor-column elementor-col-100 elementor-top-column elementor-element elementor-element-de96d23\" data-id=\"de96d23\" data-element_type=\"column\">\n\t\t\t<div class=\"elementor-widget-wrap elementor-element-populated\">\n\t\t\t\t\t\t<div class=\"elementor-element elementor-element-7197055 elementor-widget elementor-widget-text-editor\" data-id=\"7197055\" data-element_type=\"widget\" data-widget_type=\"text-editor.default\">\n\t\t\t\t<div class=\"elementor-widget-container\">\n\t\t\t\t\t\t\t\t\t<p><span style=\"font-weight: 400;\">Webliv LLC privacy policy was designed with the intention of maintaining the privacy and security of the collected data from our users and customers.<\/span><\/p><p>\u00a0<\/p><p><span style=\"font-weight: 400;\">The privacy policy established by Webliv LLC understands the way information capable of identifying our customers and users is stored and used, whether it be collected directly on our site, from customer service inquiries, or registration to receive discounts or newsletters.<\/span><\/p><p>\u00a0<\/p><p><span style=\"font-weight: 400;\">The contact information from the customers and users may be used for Webliv LLC advertising campaigns that will send information about services through marketing  messages such as discounts, tips, announcement of partners and customers that can add some value or interest in favor of our subscribers.<\/span><\/p><p>\u00a0<\/p><p><span style=\"font-weight: 400;\">Webliv LLC will bring, along with its communications, newsletters, offers, and advertising messages sent by email, the option of canceling the subscription of this type of message. The request will be resolved in the minimum amount of time necessary for this execution.<\/span><\/p><p>\u00a0<\/p><p><span style=\"font-weight: 400;\">Under no circumstance shall Webliv LLC. disclose or sell personal ou registration data of its customers and users to third parties.<\/span><\/p><p>\u00a0<\/p><p><span style=\"font-weight: 400;\">For more information about our privacy policy, contact us via email \u2018meajuda@webliv.com'<\/span><\/p>\t\t\t\t\t\t\t\t<\/div>\n\t\t\t\t<\/div>\n\t\t\t\t\t<\/div>\n\t\t<\/div>\n\t\t\t\t\t<\/div>\n\t\t<\/section>\n\t\t\t\t<\/div>","protected":false},"excerpt":{"rendered":"<p>POL\u00cdTICA DE PRIVACIDADE WEBLIV home\u00a0 \/ pol\u00edtica de provacidade A Pol\u00edtica de Privacidade da Webliv Ltda. foi formulada com o intuito de manter a privacidade e a seguran\u00e7a das informa\u00e7\u00f5es coletadas de nossos clientes e usu\u00e1rios. \u00a0 A pol\u00edtica de privacidade estabelecida pela Webliv Ltda. compreende a forma como as informa\u00e7\u00f5es capazes de identificar nossos&hellip; <a class=\"more-link\" href=\"https:\/\/webliv.com\/en\/politica-de-privacidade\/\">Continue reading <span class=\"screen-reader-text\">privacy policy<\/span><\/a><\/p>","protected":false},"author":3,"featured_media":0,"parent":0,"menu_order":0,"comment_status":"closed","ping_status":"open","template":"elementor_header_footer","meta":{"footnotes":""},"class_list":["post-3","page","type-page","status-publish","hentry","entry"],"_links":{"self":[{"href":"https:\/\/webliv.com\/en\/wp-json\/wp\/v2\/pages\/3","targetHints":{"allow":["GET"]}}],"collection":[{"href":"https:\/\/webliv.com\/en\/wp-json\/wp\/v2\/pages"}],"about":[{"href":"https:\/\/webliv.com\/en\/wp-json\/wp\/v2\/types\/page"}],"author":[{"embeddable":true,"href":"https:\/\/webliv.com\/en\/wp-json\/wp\/v2\/users\/3"}],"replies":[{"embeddable":true,"href":"https:\/\/webliv.com\/en\/wp-json\/wp\/v2\/comments?post=3"}],"version-history":[{"count":0,"href":"https:\/\/webliv.com\/en\/wp-json\/wp\/v2\/pages\/3\/revisions"}],"wp:attachment":[{"href":"https:\/\/webliv.com\/en\/wp-json\/wp\/v2\/media?parent=3"}],"curies":[{"name":"wp","href":"https:\/\/api.w.org\/{rel}","templated":true}]}}