{"id":3987,"date":"2025-07-22T10:30:36","date_gmt":"2025-07-22T13:30:36","guid":{"rendered":"https:\/\/webliv.com\/?page_id=3987"},"modified":"2025-10-06T16:14:51","modified_gmt":"2025-10-06T19:14:51","slug":"inscricao-agencia-obg","status":"publish","type":"page","link":"https:\/\/webliv.com\/en\/inscricao-agencia-obg\/","title":{"rendered":"Inscri\u00e7\u00e3o Ag\u00eancia &#8211; obg"},"content":{"rendered":"<div data-elementor-type=\"wp-page\" data-elementor-id=\"3987\" class=\"elementor elementor-3987\" data-elementor-settings=\"{&quot;ha_cmc_init_switcher&quot;:&quot;no&quot;}\" data-elementor-post-type=\"page\">\n\t\t\t\t<div class=\"elementor-element elementor-element-7290733 wmi-fundoclaro e-flex e-con-boxed e-con e-parent\" data-id=\"7290733\" data-element_type=\"container\" data-settings=\"{&quot;background_background&quot;:&quot;classic&quot;,&quot;_ha_eqh_enable&quot;:false}\">\n\t\t\t\t\t<div class=\"e-con-inner\">\n\t\t\t\t<div class=\"elementor-element elementor-element-e23c66a elementor-widget__width-inherit elementor-widget elementor-widget-heading\" data-id=\"e23c66a\" data-element_type=\"widget\" data-widget_type=\"heading.default\">\n\t\t\t\t<div class=\"elementor-widget-container\">\n\t\t\t\t\t<h1 class=\"elementor-heading-title elementor-size-default\">Torne sua ag\u00eancia uma refer\u00eancia certificada no <i>m\u00e9todo MCC<\/i>. <\/h1>\t\t\t\t<\/div>\n\t\t\t\t<\/div>\n\t\t\t\t<div class=\"elementor-element elementor-element-62264a8 elementor-widget elementor-widget-text-editor\" data-id=\"62264a8\" data-element_type=\"widget\" data-widget_type=\"text-editor.default\">\n\t\t\t\t<div class=\"elementor-widget-container\">\n\t\t\t\t\t\t\t\t\t<p>Receba <b>leads qualificados<\/b>, conquiste <b>autoridade<\/b> e conecte-se com <b>empres\u00e1rios<\/b> que j\u00e1 confiam no MCC.<\/p>\t\t\t\t\t\t\t\t<\/div>\n\t\t\t\t<\/div>\n\t\t\t\t<div class=\"elementor-element elementor-element-5b8599b elementor-widget elementor-widget-video\" data-id=\"5b8599b\" data-element_type=\"widget\" data-settings=\"{&quot;youtube_url&quot;:&quot;https:\\\/\\\/www.youtube.com\\\/watch?v=-7VEwhVcny8&quot;,&quot;image_overlay&quot;:{&quot;url&quot;:&quot;https:\\\/\\\/webliv.com\\\/wp-content\\\/uploads\\\/2025\\\/07\\\/thumb-mcc-960.webp&quot;,&quot;id&quot;:4009,&quot;size&quot;:&quot;&quot;,&quot;alt&quot;:&quot;&quot;,&quot;source&quot;:&quot;library&quot;},&quot;show_image_overlay&quot;:&quot;yes&quot;,&quot;video_type&quot;:&quot;youtube&quot;}\" data-widget_type=\"video.default\">\n\t\t\t\t<div class=\"elementor-widget-container\">\n\t\t\t\t\t\t\t<div class=\"elementor-wrapper elementor-open-inline\">\n\t\t\t<div class=\"elementor-video\"><\/div>\t\t\t\t<div class=\"elementor-custom-embed-image-overlay\" style=\"background-image: url(https:\/\/webliv.com\/wp-content\/uploads\/2025\/07\/thumb-mcc-960.webp);\">\n\t\t\t\t\t\t\t\t\t\t\t\t\t\t\t\t<div class=\"elementor-custom-embed-play\" role=\"button\" aria-label=\"Reproduzir v\u00eddeo\" tabindex=\"0\">\n\t\t\t\t\t\t\t<svg aria-hidden=\"true\" class=\"e-font-icon-svg e-eicon-play\" viewbox=\"0 0 1000 1000\" xmlns=\"http:\/\/www.w3.org\/2000\/svg\"><path d=\"M838 162C746 71 633 25 500 25 371 25 258 71 163 162 71 254 25 367 25 500 25 633 71 746 163 837 254 929 367 979 500 979 633 979 746 933 838 837 929 746 975 633 975 500 975 367 929 254 838 162M808 192C892 279 933 379 933 500 933 621 892 725 808 808 725 892 621 938 500 938 379 938 279 896 196 808 113 725 67 621 67 500 67 379 108 279 196 192 279 108 383 62 500 62 621 62 721 108 808 192M438 392V642L642 517 438 392Z\"><\/path><\/svg>\t\t\t\t\t\t<\/div>\n\t\t\t\t\t\t\t\t\t<\/div>\n\t\t\t\t\t<\/div>\n\t\t\t\t\t\t<\/div>\n\t\t\t\t<\/div>\n\t\t\t\t\t<\/div>\n\t\t\t\t<\/div>\n\t\t<div class=\"elementor-element elementor-element-19b079b wmi-fundoclaro e-flex e-con-boxed e-con e-parent\" data-id=\"19b079b\" data-element_type=\"container\" data-settings=\"{&quot;_ha_eqh_enable&quot;:false}\">\n\t\t\t\t\t<div class=\"e-con-inner\">\n\t\t<div class=\"elementor-element elementor-element-2458f34 e-con-full e-flex e-con e-child\" data-id=\"2458f34\" data-element_type=\"container\" data-settings=\"{&quot;_ha_eqh_enable&quot;:false}\">\n\t\t<div class=\"elementor-element elementor-element-0e7cf34 e-con-full e-flex e-con e-child\" data-id=\"0e7cf34\" data-element_type=\"container\" data-settings=\"{&quot;_ha_eqh_enable&quot;:false}\">\n\t\t\t\t<div class=\"elementor-element elementor-element-8abdcf4 elementor-widget elementor-widget-image\" data-id=\"8abdcf4\" data-element_type=\"widget\" data-widget_type=\"image.default\">\n\t\t\t\t<div class=\"elementor-widget-container\">\n\t\t\t\t\t\t\t\t\t\t\t\t\t\t\t<img fetchpriority=\"high\" decoding=\"async\" width=\"798\" height=\"969\" src=\"https:\/\/webliv.com\/wp-content\/uploads\/2025\/07\/conrado-adolpho-formacao-agencias-metodo-mcc.webp\" class=\"attachment-full size-full wp-image-3961\" alt=\"\" srcset=\"https:\/\/webliv.com\/wp-content\/uploads\/2025\/07\/conrado-adolpho-formacao-agencias-metodo-mcc.webp 798w, https:\/\/webliv.com\/wp-content\/uploads\/2025\/07\/conrado-adolpho-formacao-agencias-metodo-mcc-247x300.webp 247w, https:\/\/webliv.com\/wp-content\/uploads\/2025\/07\/conrado-adolpho-formacao-agencias-metodo-mcc-768x933.webp 768w, https:\/\/webliv.com\/wp-content\/uploads\/2025\/07\/conrado-adolpho-formacao-agencias-metodo-mcc-10x12.webp 10w\" sizes=\"(max-width: 798px) 100vw, 798px\" style=\"width:100%;height:121.43%;max-width:798px\" \/>\t\t\t\t\t\t\t\t\t\t\t\t\t\t\t<\/div>\n\t\t\t\t<\/div>\n\t\t\t\t<\/div>\n\t\t<div class=\"elementor-element elementor-element-4da77b9 e-con-full e-flex e-con e-child\" data-id=\"4da77b9\" data-element_type=\"container\" data-settings=\"{&quot;_ha_eqh_enable&quot;:false}\">\n\t\t\t\t<div class=\"elementor-element elementor-element-d6eb1fb mrs-dark elementor-widget-tablet__width-inherit elementor-widget elementor-widget-heading\" data-id=\"d6eb1fb\" data-element_type=\"widget\" data-widget_type=\"heading.default\">\n\t\t\t\t<div class=\"elementor-widget-container\">\n\t\t\t\t\t<h2 class=\"elementor-heading-title elementor-size-default\"><i>Conrado Adolpho<\/i>, o criador do M\u00e9todo MCC.<\/h2>\t\t\t\t<\/div>\n\t\t\t\t<\/div>\n\t\t\t\t<div class=\"elementor-element elementor-element-52d5e46 elementor-widget elementor-widget-text-editor\" data-id=\"52d5e46\" data-element_type=\"widget\" data-widget_type=\"text-editor.default\">\n\t\t\t\t<div class=\"elementor-widget-container\">\n\t\t\t\t\t\t\t\t\t<p>O M\u00e9todo MCC \u00e9 um processo de marketing e vendas aplicado com sucesso em <b>mais de 4 mil empresas brasileiras entre 2020 e 2025.<\/b><\/p>\t\t\t\t\t\t\t\t<\/div>\n\t\t\t\t<\/div>\n\t\t\t\t<div class=\"elementor-element elementor-element-c447743 elementor-widget elementor-widget-text-editor\" data-id=\"c447743\" data-element_type=\"widget\" data-widget_type=\"text-editor.default\">\n\t\t\t\t<div class=\"elementor-widget-container\">\n\t\t\t\t\t\t\t\t\t<p><b>Conrado \u00e9 refer\u00eancia em neg\u00f3cios e performance<\/b>, com dezenas de cases publicados e impacto direto no crescimento de pequenas e m\u00e9dias empresas.<\/p>\t\t\t\t\t\t\t\t<\/div>\n\t\t\t\t<\/div>\n\t\t\t\t<div class=\"elementor-element elementor-element-4e2803c elementor-widget elementor-widget-text-editor\" data-id=\"4e2803c\" data-element_type=\"widget\" data-widget_type=\"text-editor.default\">\n\t\t\t\t<div class=\"elementor-widget-container\">\n\t\t\t\t\t\t\t\t\t<p>Sua miss\u00e3o \u00e9 levar esse m\u00e9todo a mais ag\u00eancias para que possam entregar excel\u00eancia aos seus clientes com <b>previsibilidade, estrutura e autoridade.<\/b><\/p>\t\t\t\t\t\t\t\t<\/div>\n\t\t\t\t<\/div>\n\t\t\t\t<\/div>\n\t\t\t\t<\/div>\n\t\t\t\t\t<\/div>\n\t\t\t\t<\/div>\n\t\t<div class=\"elementor-element elementor-element-02b24c2 e-flex e-con-boxed e-con e-parent\" data-id=\"02b24c2\" data-element_type=\"container\" data-settings=\"{&quot;_ha_eqh_enable&quot;:false}\">\n\t\t\t\t\t<div class=\"e-con-inner\">\n\t\t\t\t<div class=\"elementor-element elementor-element-cb804fc elementor-widget elementor-widget-image\" data-id=\"cb804fc\" data-element_type=\"widget\" data-widget_type=\"image.default\">\n\t\t\t\t<div class=\"elementor-widget-container\">\n\t\t\t\t\t\t\t\t\t\t\t\t\t\t\t<img decoding=\"async\" width=\"256\" height=\"74\" src=\"https:\/\/webliv.com\/wp-content\/uploads\/2025\/07\/webliv-logo2.webp\" class=\"attachment-large size-large wp-image-3864\" alt=\"\" srcset=\"https:\/\/webliv.com\/wp-content\/uploads\/2025\/07\/webliv-logo2.webp 256w, https:\/\/webliv.com\/wp-content\/uploads\/2025\/07\/webliv-logo2-18x5.webp 18w\" sizes=\"(max-width: 256px) 100vw, 256px\" style=\"width:100%;height:28.91%;max-width:256px\" \/>\t\t\t\t\t\t\t\t\t\t\t\t\t\t\t<\/div>\n\t\t\t\t<\/div>\n\t\t\t\t\t<\/div>\n\t\t\t\t<\/div>\n\t\t<div class=\"elementor-element elementor-element-6b31785 e-flex e-con-boxed e-con e-parent\" data-id=\"6b31785\" data-element_type=\"container\" data-settings=\"{&quot;_ha_eqh_enable&quot;:false}\">\n\t\t\t\t\t<div class=\"e-con-inner\">\n\t\t\t\t<div class=\"elementor-element elementor-element-beb4d56 elementor-widget elementor-widget-html\" data-id=\"beb4d56\" data-element_type=\"widget\" data-widget_type=\"html.default\">\n\t\t\t\t<div class=\"elementor-widget-container\">\n\t\t\t\t\t<!-- Meta Pixel Code -->\r\n<script>\r\n!function(f,b,e,v,n,t,s)\r\n{if(f.fbq)return;n=f.fbq=function(){n.callMethod?\r\nn.callMethod.apply(n,arguments):n.queue.push(arguments)};\r\nif(!f._fbq)f._fbq=n;n.push=n;n.loaded=!0;n.version='2.0';\r\nn.queue=[];t=b.createElement(e);t.async=!0;\r\nt.src=v;s=b.getElementsByTagName(e)[0];\r\ns.parentNode.insertBefore(t,s)}(window, document,'script',\r\n'https:\/\/connect.facebook.net\/en_US\/fbevents.js');\r\nfbq('init', '1502503597767109');\r\nfbq('track', 'Lead');\r\n<\/script>\r\n<noscript><img height=\"1\" width=\"1\" style=\"display:none\"\r\nsrc=\"https:\/\/www.facebook.com\/tr?id=1502503597767109&ev=PageView&noscript=1\"\r\n\/><\/noscript>\r\n<!-- End Meta Pixel Code \u2192\t\t\t\t<\/div>\n\t\t\t\t<\/div>\n\t\t\t\t<div class=\"elementor-element elementor-element-147cdd3 elementor-widget elementor-widget-html\" data-id=\"147cdd3\" data-element_type=\"widget\" data-widget_type=\"html.default\">\n\t\t\t\t<div class=\"elementor-widget-container\">\n\t\t\t\t\t<!-- Meta Pixel Code -->\n<script>\n!function(f,b,e,v,n,t,s)\n{if(f.fbq)return;n=f.fbq=function(){n.callMethod?\nn.callMethod.apply(n,arguments):n.queue.push(arguments)};\nif(!f._fbq)f._fbq=n;n.push=n;n.loaded=!0;n.version='2.0';\nn.queue=[];t=b.createElement(e);t.async=!0;\nt.src=v;s=b.getElementsByTagName(e)[0];\ns.parentNode.insertBefore(t,s)}(window, document,'script',\n'https:\/\/connect.facebook.net\/en_US\/fbevents.js');\nfbq('init', '31922618560686831');\nfbq('track', 'Lead');\n<\/script>\n<noscript><img loading=\"lazy\" height=\"1\" width=\"1\" style=\"display:none\"\nsrc=\"https:\/\/www.facebook.com\/tr?id=31922618560686831&ev=PageView&noscript=1\"\n\/><\/noscript>\n<!-- End Meta Pixel Code -->\t\t\t\t<\/div>\n\t\t\t\t<\/div>\n\t\t\t\t\t<\/div>\n\t\t\t\t<\/div>\n\t\t\t\t<\/div>","protected":false},"excerpt":{"rendered":"<p>Torne sua ag\u00eancia uma refer\u00eancia certificada no m\u00e9todo MCC. Receba leads qualificados, conquiste autoridade e conecte-se com empres\u00e1rios que j\u00e1 confiam no MCC. https:\/\/www.youtube.com\/watch?v=-7VEwhVcny8 Conrado Adolpho, o criador do M\u00e9todo MCC. O M\u00e9todo MCC \u00e9 um processo de marketing e vendas aplicado com sucesso em mais de 4 mil empresas brasileiras entre 2020 e 2025.&hellip; <a class=\"more-link\" href=\"https:\/\/webliv.com\/en\/inscricao-agencia-obg\/\">Continue reading <span class=\"screen-reader-text\">Inscri\u00e7\u00e3o Ag\u00eancia &#8211; obg<\/span><\/a><\/p>","protected":false},"author":3,"featured_media":0,"parent":0,"menu_order":0,"comment_status":"closed","ping_status":"closed","template":"elementor_canvas","meta":{"footnotes":""},"class_list":["post-3987","page","type-page","status-publish","hentry","entry"],"_links":{"self":[{"href":"https:\/\/webliv.com\/en\/wp-json\/wp\/v2\/pages\/3987","targetHints":{"allow":["GET"]}}],"collection":[{"href":"https:\/\/webliv.com\/en\/wp-json\/wp\/v2\/pages"}],"about":[{"href":"https:\/\/webliv.com\/en\/wp-json\/wp\/v2\/types\/page"}],"author":[{"embeddable":true,"href":"https:\/\/webliv.com\/en\/wp-json\/wp\/v2\/users\/3"}],"replies":[{"embeddable":true,"href":"https:\/\/webliv.com\/en\/wp-json\/wp\/v2\/comments?post=3987"}],"version-history":[{"count":0,"href":"https:\/\/webliv.com\/en\/wp-json\/wp\/v2\/pages\/3987\/revisions"}],"wp:attachment":[{"href":"https:\/\/webliv.com\/en\/wp-json\/wp\/v2\/media?parent=3987"}],"curies":[{"name":"wp","href":"https:\/\/api.w.org\/{rel}","templated":true}]}}